{"id":1780,"date":"2018-06-07T12:44:33","date_gmt":"2018-06-07T12:44:33","guid":{"rendered":"https:\/\/marialine.lv\/terms-and-conditions-lv\/"},"modified":"2018-06-07T12:44:33","modified_gmt":"2018-06-07T12:44:33","slug":"terms-and-conditions-lv","status":"publish","type":"page","link":"https:\/\/marialine.lv\/ru\/terms-and-conditions-lv\/","title":{"rendered":"T\u012bmek\u013ca vietnes noteikumi un nosac\u012bjumi"},"content":{"rendered":"<h3><span style=\"font-weight: 400;\">1. Visp\u0101r\u012bg\u0101 inform\u0101cija, interpret\u0101cija <\/span><\/h3>\n<p><span style=\"font-weight: 400;\">\u0160\u012bs t\u012bmek\u013ca vietnes \u012bpa\u0161nieks un uztur\u0113t\u0101js ir SIA ELVIM. (re\u0123istr\u0113t\u0101 adrese: Kurzemes prospekts 3G, R\u012bga LV-1067, Latvija; turpm\u0101k tekst\u0101 &#171;SIA ELVIM&#187;). <\/span><\/p>\n<p><span style=\"font-weight: 400;\">\u0160o noteikumu un nosac\u012bjumu izpratn\u0113 atsauces uz &#171;J\u016bs&#187; un &#171;J\u016bsu&#187; tiek attiecin\u0101tas uz person\u0101m, kas piek\u013c\u016bst \u0161ai t\u012bmek\u013ca vietnei (tostarp person\u0101m, kuras piek\u013c\u016bst \u0161ai vietnei citu personu v\u0101rd\u0101), un ar &#171;t\u012bmek\u013ca vietne&#187; tiek saprasta ar\u012b mobil\u0101 t\u012bmek\u013ca vietne un www.marialine.lv mobil\u0101 lietotne. <\/span><\/p>\n<p>&nbsp;<\/p>\n<h3><span style=\"font-weight: 400;\">2. T\u012bmek\u013ca vietnes izmanto\u0161ana <\/span><\/h3>\n<p><span style=\"font-weight: 400;\">\u0160\u012bs t\u012bmek\u013ca vietnes izmanto\u0161ana tiek uzskat\u012bta par J\u016bsu izteiktu piekri\u0161anu iev\u0113rot \u0161os Noteikumus un nosac\u012bjumus un r\u012bkoties atbilst\u012bgi tiem attiec\u012bb\u0101 uz zem\u0101k atrun\u0101to piek\u013cuvi \u0161ai t\u012bmek\u013ca vietnei. <\/span><\/p>\n<p><span style=\"font-weight: 400;\">Ja J\u016bs nepiekr\u012btat \u0161iem Noteikumiem un nosac\u012bjumiem, Jums nav at\u013cauts izmantot \u0161o vietni un J\u016bs ap\u0146ematies to neizmantot un tai nepiek\u013c\u016bt. <\/span><\/p>\n<p>&nbsp;<\/p>\n<h3><span style=\"font-weight: 400;\">3. Izmanto\u0161anas at\u013cauja <\/span><\/h3>\n<p><span style=\"font-weight: 400;\">\u0160\u012bs t\u012bmek\u013ca vietnes m\u0113r\u0137is ir tikai un vien\u012bgi \u013caut Jums apskat\u012bt SIA ELVIM \u00a0pre\u010du un pakalpojumu pieejam\u012bbu, sazin\u0101ties ar SIA ELVIM, citos nolukos m\u0101jas lapu izmantot nav at\u013cauts<\/span><\/p>\n<p><span style=\"font-weight: 400;\">J\u016bs varat izmantot \u0161o t\u012bmek\u013ca vietni tikai saska\u0146\u0101 ar \u0161iem Noteikumiem un nosac\u012bjumiem un tikai saviem priv\u0101tiem, nekomerci\u0101liem nol\u016bkiem. <\/span><\/p>\n<p><span style=\"font-weight: 400;\">Jums \u012bpa\u0161i ir aizliegts: \u00a0<\/span><\/p>\n<ul>\n<li style=\"font-weight: 400;\"><span style=\"font-weight: 400;\">bez SIA ELVIM \u00a0iepriek\u0161\u0113jas rakstiskas piekri\u0161anas izmantot jebk\u0101das automatiz\u0113t\u0101s sist\u0113mas, algoritmus vai programmat\u016bru, kas uzrauga, izg\u016bst, mekl\u0113 vai kop\u0113 jebk\u0101dus materi\u0101lus vai datus (to da\u013cu vai kopum\u0101) no \u0161\u012bs t\u012bmek\u013ca vietnes vai ar t\u0101s starpniec\u012bbu (saukts ar\u012b par &#171;screen scraping&#187;); \u00a0<\/span><\/li>\n<li style=\"font-weight: 400;\"><span style=\"font-weight: 400;\">izmantot jebk\u0101du programmat\u016bru, rut\u012bnprogrammas vai ier\u012bces vai veikt jebk\u0101das darb\u012bbas ar m\u0113r\u0137i trauc\u0113t vai censties jebk\u0101d\u0101 veid\u0101 trauc\u0113t t\u012bmek\u013ca vietnes darb\u012bbu, vai rad\u012bt p\u0101rm\u0113r\u012bgi lielu noslodzi \u0161ai t\u012bmek\u013ca vietnei neatkar\u012bgi no t\u0101, vai tas tiek dar\u012bts apzin\u0101ti vai neapzin\u0101ti; \u00a0<\/span><\/li>\n<li style=\"font-weight: 400;\"><span style=\"font-weight: 400;\">censties ieg\u016bt vai faktiski ieg\u016bt nesankcion\u0113tu piek\u013cuvi jebk\u0101diem SIA ELVIM t\u012bkliem vai kontiem, vai inform\u0101cijai par citiem lietot\u0101jiem; \u00a0<\/span><\/li>\n<li style=\"font-weight: 400;\"><span style=\"font-weight: 400;\">ievietot saites uz \u0161o t\u012bmek\u013ca vietni, iepriek\u0161 nesa\u0146emot rakstisku piekri\u0161anu no SIA ELVIM. <\/span><\/li>\n<\/ul>\n<p>&nbsp;<\/p>\n<p><span style=\"font-weight: 400;\">Ja J\u016bs p\u0101rk\u0101pjat \u0161os Noteikumus un nosac\u012bjumus,SIA ELVIM, neierobe\u017eojot nek\u0101das citas savas ties\u012bbas, ir ties\u012bgs bez br\u012bdin\u0101juma atcelt J\u016bsu rezerv\u0113jumus un pirkumus un\/vai liegt vai blo\u0137\u0113t Jums pieeju \u0161ai t\u012bmek\u013ca vietnei, vai noteikt \u012bpa\u0161us noteikumus J\u016bsu piek\u013cuvei \u0161ai t\u012bmek\u013ca vietnei. <\/span><\/p>\n<p>&nbsp;<\/p>\n<h3><span style=\"font-weight: 400;\">4. \u012apa\u0161uma ties\u012bbas <\/span><\/h3>\n<p><span style=\"font-weight: 400;\">Uz jebk\u0101du \u0161aj\u0101 t\u012bmek\u013ca vietn\u0113 izvietoto inform\u0101ciju, datiem un materi\u0101liem (tostarp, bet ne tikai, jebk\u0101diem logotipiem, izskatu, strukt\u016bru, kr\u0101su sist\u0113mu un t\u012bmek\u013ca vietnes izk\u0101rtojumu, programmat\u016bras kodu un t\u0101 pamat\u0101 eso\u0161ajiem datiem un datub\u0101zei) attiecas pre\u010dz\u012bmju ties\u012bbas, autorties\u012bbas, datub\u0101\u017eu ties\u012bbas un\/vai citas re\u0123istr\u0113tas un nere\u0123istr\u0113tas intelektu\u0101l\u0101 \u012bpa\u0161uma ties\u012bbas. \u0160aj\u0101 t\u012bmek\u013ca vietn\u0113 pieejamas inform\u0101cijas, datu un materi\u0101lu jebk\u0101da izmanto\u0161ana un reproduc\u0113\u0161ana, ja vien tas netiek dar\u012bts at\u013cautajiem personiskajiem, nekomerci\u0101lajiem m\u0113r\u0137iem, ir aizliegta un tiks uzskat\u012bta par \u0161o Noteikumu un nosac\u012bjumu p\u0101rk\u0101pumu un iesp\u0113jamu SIA ELVIM vai t\u0101 licences dev\u0113ju intelektu\u0101l\u0101 \u012bpa\u0161uma ties\u012bbu aizsk\u0101rumu. <\/span><\/p>\n<p>&nbsp;<\/p>\n<h3><span style=\"font-weight: 400;\">5. Atbild\u012bbas ierobe\u017eo\u0161ana<\/span><\/h3>\n<p><span style=\"font-weight: 400;\">SIA ELVIM nav atbild\u012bgs par jebk\u0101da veida tie\u0161iem, netie\u0161iem, faktiskiem, sodo\u0161a rakstura vai izrieto\u0161iem zaud\u0113jumiem vai kait\u0113jumu, kas radies \u0161\u012bs t\u012bmek\u013ca vietnes vai jebk\u0101das taj\u0101 pieejam\u0101s inform\u0101cijas lieto\u0161anas rezult\u0101t\u0101. <\/span><\/p>\n<p>&nbsp;<\/p>\n<h3><span style=\"font-weight: 400;\">6. Piem\u0113rojamie ties\u012bbu akti un jurisdikcija <\/span><\/h3>\n<p><span style=\"font-weight: 400;\">\u0160ie Noteikumi un nosac\u012bjumi un J\u016bsu pieeja \u0161ai t\u012bmek\u013ca vietnei, k\u0101 ar\u012b jebk\u0101di no t\u0101s vai saist\u012bb\u0101 ar to izrieto\u0161i str\u012bdi vai pras\u012bjumi tiek izskat\u012bti un tiek interpret\u0113ti atbilsto\u0161i Latvijas republikas ties\u012bbu aktiem, un J\u016bs piekr\u012btat pak\u013cauties Latvijas republikas tiesu ekskluz\u012bvai jurisdikcijai.\u00a0 SIA ELVIM patur ties\u012bbas p\u0113c saviem ieskatiem saukt pie atbild\u012bbas jebk\u0101das personas (&#171;saist\u012bbas nepildo\u0161\u0101s puses&#187;), kuras p\u0101rk\u0101pj \u0161os Noteikumus un nosac\u012bjumus, lietas izskat\u012b\u0161anai p\u0101rk\u0101puma izdar\u012b\u0161anas vietai piekrit\u012bgaj\u0101s ties\u0101s, saist\u012bbas nepildo\u0161\u0101s puses past\u0101v\u012bg\u0101s dz\u012bvesvietas valsts ties\u0101s. <\/span><\/p>\n<p>&nbsp;<\/p>\n<h3><span style=\"font-weight: 400;\">7. Visp\u0101r\u012bgie noteikumi <\/span><\/h3>\n<p><span style=\"font-weight: 400;\">SIA ELVIM patur ties\u012bbas jebkur\u0101 laik\u0101 un bez iepriek\u0161\u0113ja pazi\u0146ojuma main\u012bt jebk\u0101du inform\u0101ciju vai materi\u0101lus, kas ir pieejami \u0161aj\u0101 t\u012bmek\u013ca vietn\u0113. SIA ELVIM ir ar\u012b ties\u012bga jebkur\u0101 br\u012bd\u012b un bez iepriek\u0161\u0113ja pazi\u0146ojuma main\u012bt \u0161os Noteikumus un nosac\u012bjumus, un \u0161\u0101das izmai\u0146as st\u0101jas sp\u0113k\u0101 nekav\u0113joties p\u0113c laboto Noteikumu un nosac\u012bjumu public\u0113\u0161anas t\u012bmek\u013ca vietn\u0113, un tiek uzskat\u012bts, ka J\u016bs, turpinot izmantot t\u012bmek\u013ca vietni, piekr\u012btat \u0161\u0101d\u0101m izmai\u0146\u0101m.<\/span><\/p>\n<p>&nbsp;<\/p>\n<p><span style=\"font-weight: 400;\">P\u0113d\u0113jo reizi atjaunin\u0101ti: 07.06.2018.<\/span><\/p>\n","protected":false},"excerpt":{"rendered":"<p>1. Visp\u0101r\u012bg\u0101 inform\u0101cija, interpret\u0101cija \u0160\u012bs t\u012bmek\u013ca vietnes \u012bpa\u0161nieks un uztur\u0113t\u0101js ir SIA ELVIM. (re\u0123istr\u0113t\u0101 adrese: Kurzemes prospekts 3G, R\u012bga LV-1067, Latvija; turpm\u0101k tekst\u0101 &#171;SIA ELVIM&#187;). \u0160o noteikumu un nosac\u012bjumu izpratn\u0113 atsauces uz &#171;J\u016bs&#187; un &#171;J\u016bsu&#187; tiek attiecin\u0101tas uz person\u0101m, kas piek\u013c\u016bst \u0161ai t\u012bmek\u013ca vietnei (tostarp person\u0101m, kuras piek\u013c\u016bst \u0161ai vietnei citu personu v\u0101rd\u0101), un ar [&hellip;]<\/p>\n","protected":false},"author":1,"featured_media":0,"parent":0,"menu_order":0,"comment_status":"closed","ping_status":"closed","template":"","meta":{"_acf_changed":false,"footnotes":""},"class_list":["post-1780","page","type-page","status-publish","hentry"],"acf":[],"_links":{"self":[{"href":"https:\/\/marialine.lv\/ru\/wp-json\/wp\/v2\/pages\/1780","targetHints":{"allow":["GET"]}}],"collection":[{"href":"https:\/\/marialine.lv\/ru\/wp-json\/wp\/v2\/pages"}],"about":[{"href":"https:\/\/marialine.lv\/ru\/wp-json\/wp\/v2\/types\/page"}],"author":[{"embeddable":true,"href":"https:\/\/marialine.lv\/ru\/wp-json\/wp\/v2\/users\/1"}],"replies":[{"embeddable":true,"href":"https:\/\/marialine.lv\/ru\/wp-json\/wp\/v2\/comments?post=1780"}],"version-history":[{"count":0,"href":"https:\/\/marialine.lv\/ru\/wp-json\/wp\/v2\/pages\/1780\/revisions"}],"wp:attachment":[{"href":"https:\/\/marialine.lv\/ru\/wp-json\/wp\/v2\/media?parent=1780"}],"curies":[{"name":"wp","href":"https:\/\/api.w.org\/{rel}","templated":true}]}}